{"id":1670,"date":"2023-09-14T12:27:51","date_gmt":"2023-09-14T12:27:51","guid":{"rendered":"https:\/\/www.unfoeprae.org\/unfoeprae\/congressi-internazionali\/"},"modified":"2023-10-27T09:11:47","modified_gmt":"2023-10-27T09:11:47","slug":"congressi-internazionali","status":"publish","type":"page","link":"https:\/\/www.unfoeprae.org\/de\/unfoeprae\/congressi-internazionali\/","title":{"rendered":"Internationale Kongresse"},"content":{"rendered":"\n<p>Seit der ersten Ausgabe im Jahr 1952 in Barcelona ist der Kongress f\u00fcr Vereinigungen, Mitgliederverb\u00e4nde, Freunde und Liebhaber von Krippen die wichtigste und bedeutendste Veranstaltung weltweit; tats\u00e4chlich ist sie eine globale Gelegenheit sich zu treffen und wahre Krippenbr\u00fcderschaft zu pflegen.<\/p>\n\n\n\n<p>Seit 1988 wird der Kongress regelm\u00e4\u00dfig alle vier Jahre in unterschiedlichen Staaten, Regionen und\/oder Orten abgehalten. Bei dieser Gelegenheit treffen sich Hunderte und Aberhunderte von Krippenliebhabern aus der ganzen Welt und machen sich kundig \u00fcber die Krippentraditionen der Gegend, die durch eine sorgf\u00e4ltige Begutachtung durch den Internationalen Rat UN-FOE-PRAE ausgew\u00e4hlt und best\u00e4tigt wurde.<\/p>\n","protected":false},"excerpt":{"rendered":"<p>Seit der ersten Ausgabe im Jahr 1952 in Barcelona ist der Kongress f\u00fcr Vereinigungen, Mitgliederverb\u00e4nde, Freunde und Liebhaber von Krippen die wichtigste und bedeutendste Veranstaltung weltweit; tats\u00e4chlich ist sie eine globale Gelegenheit sich zu treffen und wahre Krippenbr\u00fcderschaft zu pflegen. Seit 1988 wird der Kongress regelm\u00e4\u00dfig alle vier Jahre in unterschiedlichen Staaten, Regionen und\/oder Orten [&hellip;]<\/p>\n","protected":false},"author":1,"featured_media":0,"parent":1667,"menu_order":30,"comment_status":"closed","ping_status":"closed","template":"template_congressi.php","meta":{"_acf_changed":false,"footnotes":""},"class_list":["post-1670","page","type-page","status-publish","hentry"],"acf":[],"yoast_head":"<!-- This site is optimized with the Yoast SEO plugin v27.2 - https:\/\/yoast.com\/product\/yoast-seo-wordpress\/ -->\n<title>Internationale Kongresse - Universalis Foederatio Presepistica<\/title>\n<meta name=\"robots\" content=\"index, follow, max-snippet:-1, max-image-preview:large, max-video-preview:-1\" \/>\n<link rel=\"canonical\" href=\"https:\/\/www.unfoeprae.org\/de\/unfoeprae\/congressi-internazionali\/\" \/>\n<meta property=\"og:locale\" content=\"de_DE\" \/>\n<meta property=\"og:type\" content=\"article\" \/>\n<meta property=\"og:title\" content=\"Internationale Kongresse - Universalis Foederatio Presepistica\" \/>\n<meta property=\"og:description\" content=\"Seit der ersten Ausgabe im Jahr 1952 in Barcelona ist der Kongress f\u00fcr Vereinigungen, Mitgliederverb\u00e4nde, Freunde und Liebhaber von Krippen die wichtigste und bedeutendste Veranstaltung weltweit; tats\u00e4chlich ist sie eine globale Gelegenheit sich zu treffen und wahre Krippenbr\u00fcderschaft zu pflegen. Seit 1988 wird der Kongress regelm\u00e4\u00dfig alle vier Jahre in unterschiedlichen Staaten, Regionen und\/oder Orten [&hellip;]\" \/>\n<meta property=\"og:url\" content=\"https:\/\/www.unfoeprae.org\/de\/unfoeprae\/congressi-internazionali\/\" \/>\n<meta property=\"og:site_name\" content=\"Universalis Foederatio Presepistica\" \/>\n<meta property=\"article:modified_time\" content=\"2023-10-27T09:11:47+00:00\" \/>\n<meta name=\"twitter:card\" content=\"summary_large_image\" \/>\n<meta name=\"twitter:label1\" content=\"Gesch\u00e4tzte Lesezeit\" \/>\n\t<meta name=\"twitter:data1\" content=\"1\u00a0Minute\" \/>\n<script type=\"application\/ld+json\" class=\"yoast-schema-graph\">{\"@context\":\"https:\/\/schema.org\",\"@graph\":[{\"@type\":\"WebPage\",\"@id\":\"https:\/\/www.unfoeprae.org\/de\/unfoeprae\/congressi-internazionali\/\",\"url\":\"https:\/\/www.unfoeprae.org\/de\/unfoeprae\/congressi-internazionali\/\",\"name\":\"Internationale Kongresse - Universalis Foederatio Presepistica\",\"isPartOf\":{\"@id\":\"https:\/\/www.unfoeprae.org\/de\/#website\"},\"datePublished\":\"2023-09-14T12:27:51+00:00\",\"dateModified\":\"2023-10-27T09:11:47+00:00\",\"breadcrumb\":{\"@id\":\"https:\/\/www.unfoeprae.org\/de\/unfoeprae\/congressi-internazionali\/#breadcrumb\"},\"inLanguage\":\"de\",\"potentialAction\":[{\"@type\":\"ReadAction\",\"target\":[\"https:\/\/www.unfoeprae.org\/de\/unfoeprae\/congressi-internazionali\/\"]}]},{\"@type\":\"BreadcrumbList\",\"@id\":\"https:\/\/www.unfoeprae.org\/de\/unfoeprae\/congressi-internazionali\/#breadcrumb\",\"itemListElement\":[{\"@type\":\"ListItem\",\"position\":1,\"name\":\"Home\",\"item\":\"https:\/\/www.unfoeprae.org\/de\/\"},{\"@type\":\"ListItem\",\"position\":2,\"name\":\"Weltverband Der Krippenfreunde\",\"item\":\"https:\/\/www.unfoeprae.org\/de\/unfoeprae\/\"},{\"@type\":\"ListItem\",\"position\":3,\"name\":\"Internationale Kongresse\"}]},{\"@type\":\"WebSite\",\"@id\":\"https:\/\/www.unfoeprae.org\/de\/#website\",\"url\":\"https:\/\/www.unfoeprae.org\/de\/\",\"name\":\"Universalis Foederatio Presepistica\",\"description\":\"Preservare, coltivare, sostenere, far rivivere e promuovere la diversit\u00e0 culturale e artistica della tradizione di Presepi nei vari paesi del mondo.\",\"potentialAction\":[{\"@type\":\"SearchAction\",\"target\":{\"@type\":\"EntryPoint\",\"urlTemplate\":\"https:\/\/www.unfoeprae.org\/de\/?s={search_term_string}\"},\"query-input\":{\"@type\":\"PropertyValueSpecification\",\"valueRequired\":true,\"valueName\":\"search_term_string\"}}],\"inLanguage\":\"de\"}]}<\/script>\n<!-- \/ Yoast SEO plugin. -->","yoast_head_json":{"title":"Internationale Kongresse - Universalis Foederatio Presepistica","robots":{"index":"index","follow":"follow","max-snippet":"max-snippet:-1","max-image-preview":"max-image-preview:large","max-video-preview":"max-video-preview:-1"},"canonical":"https:\/\/www.unfoeprae.org\/de\/unfoeprae\/congressi-internazionali\/","og_locale":"de_DE","og_type":"article","og_title":"Internationale Kongresse - Universalis Foederatio Presepistica","og_description":"Seit der ersten Ausgabe im Jahr 1952 in Barcelona ist der Kongress f\u00fcr Vereinigungen, Mitgliederverb\u00e4nde, Freunde und Liebhaber von Krippen die wichtigste und bedeutendste Veranstaltung weltweit; tats\u00e4chlich ist sie eine globale Gelegenheit sich zu treffen und wahre Krippenbr\u00fcderschaft zu pflegen. Seit 1988 wird der Kongress regelm\u00e4\u00dfig alle vier Jahre in unterschiedlichen Staaten, Regionen und\/oder Orten [&hellip;]","og_url":"https:\/\/www.unfoeprae.org\/de\/unfoeprae\/congressi-internazionali\/","og_site_name":"Universalis Foederatio Presepistica","article_modified_time":"2023-10-27T09:11:47+00:00","twitter_card":"summary_large_image","twitter_misc":{"Gesch\u00e4tzte Lesezeit":"1\u00a0Minute"},"schema":{"@context":"https:\/\/schema.org","@graph":[{"@type":"WebPage","@id":"https:\/\/www.unfoeprae.org\/de\/unfoeprae\/congressi-internazionali\/","url":"https:\/\/www.unfoeprae.org\/de\/unfoeprae\/congressi-internazionali\/","name":"Internationale Kongresse - Universalis Foederatio Presepistica","isPartOf":{"@id":"https:\/\/www.unfoeprae.org\/de\/#website"},"datePublished":"2023-09-14T12:27:51+00:00","dateModified":"2023-10-27T09:11:47+00:00","breadcrumb":{"@id":"https:\/\/www.unfoeprae.org\/de\/unfoeprae\/congressi-internazionali\/#breadcrumb"},"inLanguage":"de","potentialAction":[{"@type":"ReadAction","target":["https:\/\/www.unfoeprae.org\/de\/unfoeprae\/congressi-internazionali\/"]}]},{"@type":"BreadcrumbList","@id":"https:\/\/www.unfoeprae.org\/de\/unfoeprae\/congressi-internazionali\/#breadcrumb","itemListElement":[{"@type":"ListItem","position":1,"name":"Home","item":"https:\/\/www.unfoeprae.org\/de\/"},{"@type":"ListItem","position":2,"name":"Weltverband Der Krippenfreunde","item":"https:\/\/www.unfoeprae.org\/de\/unfoeprae\/"},{"@type":"ListItem","position":3,"name":"Internationale Kongresse"}]},{"@type":"WebSite","@id":"https:\/\/www.unfoeprae.org\/de\/#website","url":"https:\/\/www.unfoeprae.org\/de\/","name":"Universalis Foederatio Presepistica","description":"Preservare, coltivare, sostenere, far rivivere e promuovere la diversit\u00e0 culturale e artistica della tradizione di Presepi nei vari paesi del mondo.","potentialAction":[{"@type":"SearchAction","target":{"@type":"EntryPoint","urlTemplate":"https:\/\/www.unfoeprae.org\/de\/?s={search_term_string}"},"query-input":{"@type":"PropertyValueSpecification","valueRequired":true,"valueName":"search_term_string"}}],"inLanguage":"de"}]}},"_links":{"self":[{"href":"https:\/\/www.unfoeprae.org\/de\/wp-json\/wp\/v2\/pages\/1670","targetHints":{"allow":["GET"]}}],"collection":[{"href":"https:\/\/www.unfoeprae.org\/de\/wp-json\/wp\/v2\/pages"}],"about":[{"href":"https:\/\/www.unfoeprae.org\/de\/wp-json\/wp\/v2\/types\/page"}],"author":[{"embeddable":true,"href":"https:\/\/www.unfoeprae.org\/de\/wp-json\/wp\/v2\/users\/1"}],"replies":[{"embeddable":true,"href":"https:\/\/www.unfoeprae.org\/de\/wp-json\/wp\/v2\/comments?post=1670"}],"version-history":[{"count":1,"href":"https:\/\/www.unfoeprae.org\/de\/wp-json\/wp\/v2\/pages\/1670\/revisions"}],"predecessor-version":[{"id":1690,"href":"https:\/\/www.unfoeprae.org\/de\/wp-json\/wp\/v2\/pages\/1670\/revisions\/1690"}],"up":[{"embeddable":true,"href":"https:\/\/www.unfoeprae.org\/de\/wp-json\/wp\/v2\/pages\/1667"}],"wp:attachment":[{"href":"https:\/\/www.unfoeprae.org\/de\/wp-json\/wp\/v2\/media?parent=1670"}],"curies":[{"name":"wp","href":"https:\/\/api.w.org\/{rel}","templated":true}]}}