{"id":1399,"date":"2023-09-05T14:06:20","date_gmt":"2023-09-05T14:06:20","guid":{"rendered":"https:\/\/www.unfoeprae.org\/associazioni\/"},"modified":"2024-07-01T15:35:44","modified_gmt":"2024-07-01T15:35:44","slug":"associazioni","status":"publish","type":"page","link":"https:\/\/www.unfoeprae.org\/es\/associazioni\/","title":{"rendered":"Asociaciones"},"content":{"rendered":"\n<h1 class=\"wp-block-heading mb-4\">El Consejo Internacional<\/h1>\n\n\n\n<p>El Consejo Internacional est\u00e1 compuesto por los presidentes de todas las asociaciones miembros y se re\u00fane una vez al a\u00f1o, normalmente en Roma, donde se encuentra la Secretar\u00eda de la Asociaci\u00f3n Italiana. Otro \u00f3rgano de la federaci\u00f3n es la Asamblea General de Afiliados, que se re\u00fane con ocasi\u00f3n de los Congresos Internacionales.<\/p>\n","protected":false},"excerpt":{"rendered":"<p>El Consejo Internacional El Consejo Internacional est\u00e1 compuesto por los presidentes de todas las asociaciones miembros y se re\u00fane una vez al a\u00f1o, normalmente en Roma, donde se encuentra la Secretar\u00eda de la Asociaci\u00f3n Italiana. Otro \u00f3rgano de la federaci\u00f3n es la Asamblea General de Afiliados, que se re\u00fane con ocasi\u00f3n de los Congresos Internacionales.<\/p>\n","protected":false},"author":1,"featured_media":0,"parent":0,"menu_order":0,"comment_status":"closed","ping_status":"closed","template":"template_associazioni.php","meta":{"_acf_changed":false,"footnotes":""},"class_list":["post-1399","page","type-page","status-publish","hentry"],"acf":[],"yoast_head":"<!-- This site is optimized with the Yoast SEO plugin v27.2 - https:\/\/yoast.com\/product\/yoast-seo-wordpress\/ -->\n<title>Asociaciones - Universalis Foederatio Presepistica<\/title>\n<meta name=\"robots\" content=\"index, follow, max-snippet:-1, max-image-preview:large, max-video-preview:-1\" \/>\n<link rel=\"canonical\" href=\"https:\/\/www.unfoeprae.org\/es\/associazioni\/\" \/>\n<meta property=\"og:locale\" content=\"es_ES\" \/>\n<meta property=\"og:type\" content=\"article\" \/>\n<meta property=\"og:title\" content=\"Asociaciones - Universalis Foederatio Presepistica\" \/>\n<meta property=\"og:description\" content=\"El Consejo Internacional El Consejo Internacional est\u00e1 compuesto por los presidentes de todas las asociaciones miembros y se re\u00fane una vez al a\u00f1o, normalmente en Roma, donde se encuentra la Secretar\u00eda de la Asociaci\u00f3n Italiana. Otro \u00f3rgano de la federaci\u00f3n es la Asamblea General de Afiliados, que se re\u00fane con ocasi\u00f3n de los Congresos Internacionales.\" \/>\n<meta property=\"og:url\" content=\"https:\/\/www.unfoeprae.org\/es\/associazioni\/\" \/>\n<meta property=\"og:site_name\" content=\"Universalis Foederatio Presepistica\" \/>\n<meta property=\"article:modified_time\" content=\"2024-07-01T15:35:44+00:00\" \/>\n<meta name=\"twitter:card\" content=\"summary_large_image\" \/>\n<meta name=\"twitter:label1\" content=\"Tiempo de lectura\" \/>\n\t<meta name=\"twitter:data1\" content=\"1 minuto\" \/>\n<script type=\"application\/ld+json\" class=\"yoast-schema-graph\">{\"@context\":\"https:\/\/schema.org\",\"@graph\":[{\"@type\":\"WebPage\",\"@id\":\"https:\/\/www.unfoeprae.org\/es\/associazioni\/\",\"url\":\"https:\/\/www.unfoeprae.org\/es\/associazioni\/\",\"name\":\"Asociaciones - Universalis Foederatio Presepistica\",\"isPartOf\":{\"@id\":\"https:\/\/www.unfoeprae.org\/es\/#website\"},\"datePublished\":\"2023-09-05T14:06:20+00:00\",\"dateModified\":\"2024-07-01T15:35:44+00:00\",\"breadcrumb\":{\"@id\":\"https:\/\/www.unfoeprae.org\/es\/associazioni\/#breadcrumb\"},\"inLanguage\":\"es\",\"potentialAction\":[{\"@type\":\"ReadAction\",\"target\":[\"https:\/\/www.unfoeprae.org\/es\/associazioni\/\"]}]},{\"@type\":\"BreadcrumbList\",\"@id\":\"https:\/\/www.unfoeprae.org\/es\/associazioni\/#breadcrumb\",\"itemListElement\":[{\"@type\":\"ListItem\",\"position\":1,\"name\":\"Home\",\"item\":\"https:\/\/www.unfoeprae.org\/es\/\"},{\"@type\":\"ListItem\",\"position\":2,\"name\":\"Asociaciones\"}]},{\"@type\":\"WebSite\",\"@id\":\"https:\/\/www.unfoeprae.org\/es\/#website\",\"url\":\"https:\/\/www.unfoeprae.org\/es\/\",\"name\":\"Universalis Foederatio Presepistica\",\"description\":\"Preservare, coltivare, sostenere, far rivivere e promuovere la diversit\u00e0 culturale e artistica della tradizione di Presepi nei vari paesi del mondo.\",\"potentialAction\":[{\"@type\":\"SearchAction\",\"target\":{\"@type\":\"EntryPoint\",\"urlTemplate\":\"https:\/\/www.unfoeprae.org\/es\/?s={search_term_string}\"},\"query-input\":{\"@type\":\"PropertyValueSpecification\",\"valueRequired\":true,\"valueName\":\"search_term_string\"}}],\"inLanguage\":\"es\"}]}<\/script>\n<!-- \/ Yoast SEO plugin. -->","yoast_head_json":{"title":"Asociaciones - Universalis Foederatio Presepistica","robots":{"index":"index","follow":"follow","max-snippet":"max-snippet:-1","max-image-preview":"max-image-preview:large","max-video-preview":"max-video-preview:-1"},"canonical":"https:\/\/www.unfoeprae.org\/es\/associazioni\/","og_locale":"es_ES","og_type":"article","og_title":"Asociaciones - Universalis Foederatio Presepistica","og_description":"El Consejo Internacional El Consejo Internacional est\u00e1 compuesto por los presidentes de todas las asociaciones miembros y se re\u00fane una vez al a\u00f1o, normalmente en Roma, donde se encuentra la Secretar\u00eda de la Asociaci\u00f3n Italiana. Otro \u00f3rgano de la federaci\u00f3n es la Asamblea General de Afiliados, que se re\u00fane con ocasi\u00f3n de los Congresos Internacionales.","og_url":"https:\/\/www.unfoeprae.org\/es\/associazioni\/","og_site_name":"Universalis Foederatio Presepistica","article_modified_time":"2024-07-01T15:35:44+00:00","twitter_card":"summary_large_image","twitter_misc":{"Tiempo de lectura":"1 minuto"},"schema":{"@context":"https:\/\/schema.org","@graph":[{"@type":"WebPage","@id":"https:\/\/www.unfoeprae.org\/es\/associazioni\/","url":"https:\/\/www.unfoeprae.org\/es\/associazioni\/","name":"Asociaciones - Universalis Foederatio Presepistica","isPartOf":{"@id":"https:\/\/www.unfoeprae.org\/es\/#website"},"datePublished":"2023-09-05T14:06:20+00:00","dateModified":"2024-07-01T15:35:44+00:00","breadcrumb":{"@id":"https:\/\/www.unfoeprae.org\/es\/associazioni\/#breadcrumb"},"inLanguage":"es","potentialAction":[{"@type":"ReadAction","target":["https:\/\/www.unfoeprae.org\/es\/associazioni\/"]}]},{"@type":"BreadcrumbList","@id":"https:\/\/www.unfoeprae.org\/es\/associazioni\/#breadcrumb","itemListElement":[{"@type":"ListItem","position":1,"name":"Home","item":"https:\/\/www.unfoeprae.org\/es\/"},{"@type":"ListItem","position":2,"name":"Asociaciones"}]},{"@type":"WebSite","@id":"https:\/\/www.unfoeprae.org\/es\/#website","url":"https:\/\/www.unfoeprae.org\/es\/","name":"Universalis Foederatio Presepistica","description":"Preservare, coltivare, sostenere, far rivivere e promuovere la diversit\u00e0 culturale e artistica della tradizione di Presepi nei vari paesi del mondo.","potentialAction":[{"@type":"SearchAction","target":{"@type":"EntryPoint","urlTemplate":"https:\/\/www.unfoeprae.org\/es\/?s={search_term_string}"},"query-input":{"@type":"PropertyValueSpecification","valueRequired":true,"valueName":"search_term_string"}}],"inLanguage":"es"}]}},"_links":{"self":[{"href":"https:\/\/www.unfoeprae.org\/es\/wp-json\/wp\/v2\/pages\/1399","targetHints":{"allow":["GET"]}}],"collection":[{"href":"https:\/\/www.unfoeprae.org\/es\/wp-json\/wp\/v2\/pages"}],"about":[{"href":"https:\/\/www.unfoeprae.org\/es\/wp-json\/wp\/v2\/types\/page"}],"author":[{"embeddable":true,"href":"https:\/\/www.unfoeprae.org\/es\/wp-json\/wp\/v2\/users\/1"}],"replies":[{"embeddable":true,"href":"https:\/\/www.unfoeprae.org\/es\/wp-json\/wp\/v2\/comments?post=1399"}],"version-history":[{"count":5,"href":"https:\/\/www.unfoeprae.org\/es\/wp-json\/wp\/v2\/pages\/1399\/revisions"}],"predecessor-version":[{"id":3203,"href":"https:\/\/www.unfoeprae.org\/es\/wp-json\/wp\/v2\/pages\/1399\/revisions\/3203"}],"wp:attachment":[{"href":"https:\/\/www.unfoeprae.org\/es\/wp-json\/wp\/v2\/media?parent=1399"}],"curies":[{"name":"wp","href":"https:\/\/api.w.org\/{rel}","templated":true}]}}