{"id":1397,"date":"2023-09-05T14:06:20","date_gmt":"2023-09-05T14:06:20","guid":{"rendered":"https:\/\/www.unfoeprae.org\/associazioni\/"},"modified":"2024-07-01T15:34:19","modified_gmt":"2024-07-01T15:34:19","slug":"associazioni","status":"publish","type":"page","link":"https:\/\/www.unfoeprae.org\/fr\/associazioni\/","title":{"rendered":"Associations"},"content":{"rendered":"\n<h1 class=\"wp-block-heading mb-4\">Le Conseil international<\/h1>\n\n\n\n<p>Le Conseil international est compos\u00e9 des pr\u00e9sidents de toutes les Associations membres et se r\u00e9unit une fois par an, g\u00e9n\u00e9ralement \u00e0 Rome, o\u00f9 se trouve le Secr\u00e9tariat, au sein de l&rsquo;association italienne. Un autre organe de la f\u00e9d\u00e9ration est l&rsquo;Assembl\u00e9e g\u00e9n\u00e9rale des membres, qui se r\u00e9unit \u00e0 l&rsquo;occasion des Congr\u00e8s internationaux.<\/p>\n","protected":false},"excerpt":{"rendered":"<p>Le Conseil international Le Conseil international est compos\u00e9 des pr\u00e9sidents de toutes les Associations membres et se r\u00e9unit une fois par an, g\u00e9n\u00e9ralement \u00e0 Rome, o\u00f9 se trouve le Secr\u00e9tariat, au sein de l&rsquo;association italienne. Un autre organe de la f\u00e9d\u00e9ration est l&rsquo;Assembl\u00e9e g\u00e9n\u00e9rale des membres, qui se r\u00e9unit \u00e0 l&rsquo;occasion des Congr\u00e8s internationaux.<\/p>\n","protected":false},"author":1,"featured_media":0,"parent":0,"menu_order":0,"comment_status":"closed","ping_status":"closed","template":"template_associazioni.php","meta":{"_acf_changed":false,"footnotes":""},"class_list":["post-1397","page","type-page","status-publish","hentry"],"acf":[],"yoast_head":"<!-- This site is optimized with the Yoast SEO plugin v27.2 - https:\/\/yoast.com\/product\/yoast-seo-wordpress\/ -->\n<title>Associations - Universalis Foederatio Presepistica<\/title>\n<meta name=\"robots\" content=\"index, follow, max-snippet:-1, max-image-preview:large, max-video-preview:-1\" \/>\n<link rel=\"canonical\" href=\"https:\/\/www.unfoeprae.org\/fr\/associazioni\/\" \/>\n<meta property=\"og:locale\" content=\"fr_FR\" \/>\n<meta property=\"og:type\" content=\"article\" \/>\n<meta property=\"og:title\" content=\"Associations - Universalis Foederatio Presepistica\" \/>\n<meta property=\"og:description\" content=\"Le Conseil international Le Conseil international est compos\u00e9 des pr\u00e9sidents de toutes les Associations membres et se r\u00e9unit une fois par an, g\u00e9n\u00e9ralement \u00e0 Rome, o\u00f9 se trouve le Secr\u00e9tariat, au sein de l&rsquo;association italienne. Un autre organe de la f\u00e9d\u00e9ration est l&rsquo;Assembl\u00e9e g\u00e9n\u00e9rale des membres, qui se r\u00e9unit \u00e0 l&rsquo;occasion des Congr\u00e8s internationaux.\" \/>\n<meta property=\"og:url\" content=\"https:\/\/www.unfoeprae.org\/fr\/associazioni\/\" \/>\n<meta property=\"og:site_name\" content=\"Universalis Foederatio Presepistica\" \/>\n<meta property=\"article:modified_time\" content=\"2024-07-01T15:34:19+00:00\" \/>\n<meta name=\"twitter:card\" content=\"summary_large_image\" \/>\n<meta name=\"twitter:label1\" content=\"Dur\u00e9e de lecture estim\u00e9e\" \/>\n\t<meta name=\"twitter:data1\" content=\"1 minute\" \/>\n<script type=\"application\/ld+json\" class=\"yoast-schema-graph\">{\"@context\":\"https:\/\/schema.org\",\"@graph\":[{\"@type\":\"WebPage\",\"@id\":\"https:\/\/www.unfoeprae.org\/fr\/associazioni\/\",\"url\":\"https:\/\/www.unfoeprae.org\/fr\/associazioni\/\",\"name\":\"Associations - Universalis Foederatio Presepistica\",\"isPartOf\":{\"@id\":\"https:\/\/www.unfoeprae.org\/fr\/#website\"},\"datePublished\":\"2023-09-05T14:06:20+00:00\",\"dateModified\":\"2024-07-01T15:34:19+00:00\",\"breadcrumb\":{\"@id\":\"https:\/\/www.unfoeprae.org\/fr\/associazioni\/#breadcrumb\"},\"inLanguage\":\"fr-FR\",\"potentialAction\":[{\"@type\":\"ReadAction\",\"target\":[\"https:\/\/www.unfoeprae.org\/fr\/associazioni\/\"]}]},{\"@type\":\"BreadcrumbList\",\"@id\":\"https:\/\/www.unfoeprae.org\/fr\/associazioni\/#breadcrumb\",\"itemListElement\":[{\"@type\":\"ListItem\",\"position\":1,\"name\":\"Home\",\"item\":\"https:\/\/www.unfoeprae.org\/fr\/\"},{\"@type\":\"ListItem\",\"position\":2,\"name\":\"Associations\"}]},{\"@type\":\"WebSite\",\"@id\":\"https:\/\/www.unfoeprae.org\/fr\/#website\",\"url\":\"https:\/\/www.unfoeprae.org\/fr\/\",\"name\":\"Universalis Foederatio Presepistica\",\"description\":\"Preservare, coltivare, sostenere, far rivivere e promuovere la diversit\u00e0 culturale e artistica della tradizione di Presepi nei vari paesi del mondo.\",\"potentialAction\":[{\"@type\":\"SearchAction\",\"target\":{\"@type\":\"EntryPoint\",\"urlTemplate\":\"https:\/\/www.unfoeprae.org\/fr\/?s={search_term_string}\"},\"query-input\":{\"@type\":\"PropertyValueSpecification\",\"valueRequired\":true,\"valueName\":\"search_term_string\"}}],\"inLanguage\":\"fr-FR\"}]}<\/script>\n<!-- \/ Yoast SEO plugin. -->","yoast_head_json":{"title":"Associations - Universalis Foederatio Presepistica","robots":{"index":"index","follow":"follow","max-snippet":"max-snippet:-1","max-image-preview":"max-image-preview:large","max-video-preview":"max-video-preview:-1"},"canonical":"https:\/\/www.unfoeprae.org\/fr\/associazioni\/","og_locale":"fr_FR","og_type":"article","og_title":"Associations - Universalis Foederatio Presepistica","og_description":"Le Conseil international Le Conseil international est compos\u00e9 des pr\u00e9sidents de toutes les Associations membres et se r\u00e9unit une fois par an, g\u00e9n\u00e9ralement \u00e0 Rome, o\u00f9 se trouve le Secr\u00e9tariat, au sein de l&rsquo;association italienne. Un autre organe de la f\u00e9d\u00e9ration est l&rsquo;Assembl\u00e9e g\u00e9n\u00e9rale des membres, qui se r\u00e9unit \u00e0 l&rsquo;occasion des Congr\u00e8s internationaux.","og_url":"https:\/\/www.unfoeprae.org\/fr\/associazioni\/","og_site_name":"Universalis Foederatio Presepistica","article_modified_time":"2024-07-01T15:34:19+00:00","twitter_card":"summary_large_image","twitter_misc":{"Dur\u00e9e de lecture estim\u00e9e":"1 minute"},"schema":{"@context":"https:\/\/schema.org","@graph":[{"@type":"WebPage","@id":"https:\/\/www.unfoeprae.org\/fr\/associazioni\/","url":"https:\/\/www.unfoeprae.org\/fr\/associazioni\/","name":"Associations - Universalis Foederatio Presepistica","isPartOf":{"@id":"https:\/\/www.unfoeprae.org\/fr\/#website"},"datePublished":"2023-09-05T14:06:20+00:00","dateModified":"2024-07-01T15:34:19+00:00","breadcrumb":{"@id":"https:\/\/www.unfoeprae.org\/fr\/associazioni\/#breadcrumb"},"inLanguage":"fr-FR","potentialAction":[{"@type":"ReadAction","target":["https:\/\/www.unfoeprae.org\/fr\/associazioni\/"]}]},{"@type":"BreadcrumbList","@id":"https:\/\/www.unfoeprae.org\/fr\/associazioni\/#breadcrumb","itemListElement":[{"@type":"ListItem","position":1,"name":"Home","item":"https:\/\/www.unfoeprae.org\/fr\/"},{"@type":"ListItem","position":2,"name":"Associations"}]},{"@type":"WebSite","@id":"https:\/\/www.unfoeprae.org\/fr\/#website","url":"https:\/\/www.unfoeprae.org\/fr\/","name":"Universalis Foederatio Presepistica","description":"Preservare, coltivare, sostenere, far rivivere e promuovere la diversit\u00e0 culturale e artistica della tradizione di Presepi nei vari paesi del mondo.","potentialAction":[{"@type":"SearchAction","target":{"@type":"EntryPoint","urlTemplate":"https:\/\/www.unfoeprae.org\/fr\/?s={search_term_string}"},"query-input":{"@type":"PropertyValueSpecification","valueRequired":true,"valueName":"search_term_string"}}],"inLanguage":"fr-FR"}]}},"_links":{"self":[{"href":"https:\/\/www.unfoeprae.org\/fr\/wp-json\/wp\/v2\/pages\/1397","targetHints":{"allow":["GET"]}}],"collection":[{"href":"https:\/\/www.unfoeprae.org\/fr\/wp-json\/wp\/v2\/pages"}],"about":[{"href":"https:\/\/www.unfoeprae.org\/fr\/wp-json\/wp\/v2\/types\/page"}],"author":[{"embeddable":true,"href":"https:\/\/www.unfoeprae.org\/fr\/wp-json\/wp\/v2\/users\/1"}],"replies":[{"embeddable":true,"href":"https:\/\/www.unfoeprae.org\/fr\/wp-json\/wp\/v2\/comments?post=1397"}],"version-history":[{"count":6,"href":"https:\/\/www.unfoeprae.org\/fr\/wp-json\/wp\/v2\/pages\/1397\/revisions"}],"predecessor-version":[{"id":3201,"href":"https:\/\/www.unfoeprae.org\/fr\/wp-json\/wp\/v2\/pages\/1397\/revisions\/3201"}],"wp:attachment":[{"href":"https:\/\/www.unfoeprae.org\/fr\/wp-json\/wp\/v2\/media?parent=1397"}],"curies":[{"name":"wp","href":"https:\/\/api.w.org\/{rel}","templated":true}]}}